{"id":56,"date":"2016-11-18T17:46:22","date_gmt":"2016-11-18T16:46:22","guid":{"rendered":"http:\/\/wp.bettinagoossen.de\/?page_id=56"},"modified":"2022-10-31T17:27:15","modified_gmt":"2022-10-31T16:27:15","slug":"impressum","status":"publish","type":"page","link":"https:\/\/www.bettinagoossen.de\/?page_id=56","title":{"rendered":"Impressum\/Datenschutz"},"content":{"rendered":"<div id=\"content\">\n<div class=\"vc_row wpb_row vc_row-fluid\">\n<div class=\"wpb_column vc_column_container vc_col-sm-12\">\n<div class=\"vc_column-inner \">\n<div class=\"wpb_wrapper\">\n<div class=\"vc_row wpb_row vc_inner vc_row-fluid\">\n<div class=\"wpb_column vc_column_container vc_col-sm-8\">\n<div class=\"vc_column-inner \">\n<div class=\"wpb_wrapper\">\n<div class=\"wpb_text_column wpb_content_element \">\n<div class=\"wpb_wrapper\">\n<h2>Impressum\/ Datenschutz<\/h2>\n<p><b>Name der Praxis:<\/b> Naturheilpraxis Bettina Goo\u00dfen<br \/>\n<b>Stra\u00dfe:<\/b>\u00a0Pater-Arnold-Strasse 2<br \/>\n<b>PLZ \/ Ort:<\/b>\u00a046325 Borken-Burlo<br \/>\n<b>Telefon:<\/b>\u00a0+49 2862 3524<br \/>\n<b>Telefax:<\/b>\u00a0+49 2862 1895<br \/>\n<b>E-Mail:<\/b>\u00a0info@bettinagoossen.de<\/p>\n<p><b>Verantwortlich f\u00fcr die Website:<\/b> Christian Goo\u00dfen<\/p>\n<p><b>Gesetzliche Berufsbezeichnung:<\/b>\u00a0Heilpraktiker (verliehen in der Bundesrepublik Deutschland)<\/p>\n<p><b>Zust\u00e4ndige Aufsichtsbeh\u00f6rde:<\/b>\u00a0Gesundheitsamt Borken<\/p>\n<p><b>Tag der amts\u00e4rztlichen \u00dcberpr\u00fcfung:<\/b>\u00a011.4.1996<br \/>\n<b>Beh\u00f6rdliche Erlaubnis durch Gesundheitsamt in:<\/b>\u00a0Recklinghausen<\/p>\n<h3>Erg\u00e4nzende Angaben<\/h3>\n<p><b>Berufsverbandsmitgliedschaft in:<\/b>\u00a0Bund Deutscher Heilpraktiker BDH e.V.<br \/>\n<b>Mitgliedsnummer Berufsverband:<\/b>\u00a0BDH Mitgliedsnummer 3330<\/p>\n<p><b>Berufsordnung:<\/b>\u00a0Nachzulesen im Internet unter\u00a0<a href=\"https:\/\/www.bdh-online.de\/wp-content\/uploads\/2015\/08\/Berufsordnung-Heilpraktiker_2015_210x297_20150814.pdf\">https:\/\/www.bdh-online.de\/wp-content\/uploads\/2015\/08\/Berufsordnung-Heilpraktiker_2015_210x297_20150814.pdf<\/a><\/p>\n<p><b>Rechtsgrundlage der Heilpraktikert\u00e4tigkeit, Heilpraktikergesetz und Durchf\u00fchrungsverordnung:<br \/>\n<\/b>Nachzulesen im Internet unter\u00a0<a href=\"http:\/\/www.gesetze-im-internet.de\/heilprg\/index.html\">http:\/\/www.gesetze-im-internet.de\/heilprg\/index.html<\/a>\u00a0und\u00a0<a href=\"http:\/\/www.gesetze-im-internet.de\/heilprgdv_1\/index.html\">http:\/\/www.gesetze-im-internet.de\/heilprgdv_1\/index.html<\/a><\/p>\n<h3><\/h3>\n<h3>Internet Disclaimer \/ Haftungsausschluss<\/h3>\n<p>Wir begr\u00fc\u00dfen jeden Interessierten auf unserer Website.<\/p>\n<p>Wir weisen darauf hin, dass sich diese Website und s\u00e4mtliche Informationen auf der Website nach deutschem Recht richten. Jeder Benutzer, welcher \u00fcber diesen Disclaimer hinweggeht, um auf unseren einzelnen Seiten Zugriff zu nehmen, erkennt mit dem Weiterbl\u00e4ttern der Seite an, dass sich die Beziehung zwischen ihm und uns ausschlie\u00dflich nach deutschem Recht richtet.<\/p>\n<p>Vorsorglich weisen wir darauf hin, dass die von uns abgegebenen Informationen auf der Website nicht genutzt werden k\u00f6nnen, um Krankheiten oder Leiden selbst zu erkennen und therapieren.<\/p>\n<p>F\u00fcr die Vollst\u00e4ndigkeit oder Richtigkeit der Informationen auf dieser Website k\u00f6nnen wir keine Garantie \u00fcbernehmen.<\/p>\n<p>Wir k\u00f6nnen nicht ausschlie\u00dfen, dass unsere Internetseiten auch Informationen durch Dritte aufweisen. F\u00fcr diese Informationen k\u00f6nnen wir keine Haftung \u00fcbernehmen. Dies gilt vor allem auch f\u00fcr Links zu anderen Websites, die wir zwar immer wieder daraufhin \u00fcberpr\u00fcfen, ob sie rechtswidrige Inhalte enthalten, aber keine Gew\u00e4hr daf\u00fcr leisten k\u00f6nnen. Die Inhalte dieser Seiten stellen nicht unsere Meinung dar, die Links werden nur zur Verbesserung der Informationsvielfalt ver\u00f6ffentlicht.<\/p>\n<p>S\u00e4mtliche Texte und Grafiken auf unseren Webseiten sind urheberrechtlich oder durch sonstige Schutzrechte gesch\u00fctzt. Der Gebrauch oder die Vervielf\u00e4ltigung dieser Grafiken und Texte ist ohne die vorherige schriftliche Genehmigung durch uns nicht gestattet. Insbesondere werden wir es nicht gestatten, dass Produktbezeichnungen, welche grunds\u00e4tzlich Markenschutz genie\u00dfen, von Dritten gebraucht werden.<\/p>\n<p>Um die Internetseite aktuell halten zu k\u00f6nnen, werden wir selbstverst\u00e4ndlich die Texte gegebenenfalls \u00e4ndern und \/ oder erg\u00e4nzen. Eine Haftung aus dem Inhalt der Internetseiten ergibt sich nicht.<\/p>\n<\/div>\n<div class=\"wpb_wrapper\">\n<p><b>Datenschutz<\/b><\/p>\n<p>Wir, die Betreiber dieser Website, sch\u00fctzen Ihre pers\u00f6nlichen Daten gewissenhaft und befolgen dabei alle Bestimmungen der Datenschutzgesetze. Personenbezogene Daten werden auf dieser Webseite nur soweit erhoben, wie es technisch f\u00fcr statistische Zwecke notwendig ist. Wir werden die tempor\u00e4r gespeicherten Daten weder verkaufen noch aus anderen Gr\u00fcnden an Dritte weitergegeben.<\/p>\n<p>Sie k\u00f6nnen sich hier dar\u00fcber informieren, welche Daten erhoben werden, was wir mit diesen Daten machen und wie wir Ihren Schutz sicherstellen.<\/p>\n<p>Wie gehen wir mit Ihren Daten um?<\/p>\n<p>Ihr Browser \u00fcbermittelt von sich aus automatisch die folgenden aufgelisteten Daten, die wir ebenso automatisiert tempor\u00e4r in einer Datenbank auf unserem Server abspeichern:<\/p>\n<p>\u2022 Browsertyp und Version<br \/>\n\u2022 Das von Ihnen verwendete Betriebssystem<br \/>\n\u2022 Referrer URL (die von Ihnen zuletzt besuchte Seite)<br \/>\n\u2022 Hostname des zugreifenden Rechners (IP Adresse)<br \/>\n\u2022 Uhrzeit des Aufrufs unserer Seite, je nach Einstellung auch der Tag.<\/p>\n<p>Wir k\u00f6nnen diese Daten nicht einzelnen Personen zuordnen, sie bleiben f\u00fcr uns anonym. Wir f\u00fchren diese Daten auch nicht mit Daten aus anderen Quellen zusammen, sie dienen ausschlie\u00dflich statistischen Zwecken, um die Besuchsh\u00e4ufigkeit und das Navigieren in dieser Website analysieren zu k\u00f6nnen, die Daten werden nach jeder statistischen Auswertung gel\u00f6scht.<\/p>\n<\/div>\n<div class=\"wpb_wrapper\">\n<p><b>Cookies<\/b><\/p>\n<p>Diese Homepage verwendet keine Cookies.<\/p>\n<\/div>\n<div class=\"wpb_wrapper\">\n<p><b>Wie organisieren wir Newsletter und Kontakt<\/b><\/p>\n<p>Im Fachbereich, soweit dieser auf unserer Website eingerichtet wird, werden weitere Daten abgefragt, vor allem Ihr beruflicher Status und zur Verifizierung einer angegebenen Adresse auch eine g\u00fcltige E-Mail-Adresse. Hierzu sind wir nach den Bestimmungen des HWG (Heilmittelwerbegesetz) verpflichtet, weil bestimmte Informationen nur dem Fachpublikum zug\u00e4nglich gemacht werden d\u00fcrfen.<\/p>\n<p>Ihre Einwilligung zur Speicherung der Daten, der E-Mail-Adresse sowie deren Nutzung zum Versand des Newsletters, sofern wir diesen anbieten, k\u00f6nnen Sie jederzeit widerrufen.<\/p>\n<\/div>\n<div class=\"wpb_wrapper\">\n<p><b>Wie k\u00f6nnen Sie sich weiter informieren?<\/b><\/p>\n<p>Sie k\u00f6nnen jederzeit alle \u00fcber sie aktuell gespeicherte Daten abfragen. Historische Daten werden periodisch gel\u00f6scht. Dabei k\u00f6nnen Sie die Herkunft der Daten erfahren, ob von uns abgefragt, oder von Ihnen geliefert, und erhalten ebenso Auskunft \u00fcber den Zweck der Speicherung. Dieses Recht auf Auskunft ist uneingeschr\u00e4nkt, Sie k\u00f6nnen es durch eine Mail an die Betreiber (siehe Kontakt) jederzeit wahrnehmen.<\/p>\n<p>Wenn Sie weitere Fragen in Bezug auf die Speicherung und Verwendung Ihrer personenbezogenen Daten haben, oder Fragen auftreten, die \u00fcber den Umfang dieser Datenschutzerkl\u00e4rung hinausgehen, wenden Sie sich bitte vertrauensvoll an uns. Wir stehen Ihnen jederzeit zur Auskunft und Erl\u00e4uterung zur Verf\u00fcgung.<\/p>\n<p>In unserem Bundesland NRW ist in allen Datenschutzangelegenheiten Ansprechpartner:<\/p>\n<p>Die Landesbeauftragte f\u00fcr Datenschutz und Informationsfreiheit Nordrhein-Westfahlen<\/p>\n<p>Kavalleriestra\u00dfe 2-4, 40213 D\u00fcsseldorf<\/p>\n<p>Tel:0221\/38424<\/p>\n<p>Email: poststelle@idi.nrw.de<\/p>\n<p>http:\/\/www.idi.nrw.de<\/p>\n<\/div>\n<\/div>\n<\/div>\n<\/div>\n<\/div>\n<div class=\"wpb_column vc_column_container vc_col-sm-4\">\n<div class=\"vc_column-inner \">\n<div class=\"wpb_wrapper\">\n<div class=\"wpb_text_column wpb_content_element \">\n<div class=\"wpb_wrapper\">\n<form id=\"searchform\" class=\"searchform\" role=\"search\" action=\"https:\/\/www.bdh-online.de\/\" method=\"get\"><input id=\"s\" class=\"form-control\" name=\"s\" type=\"text\" value=\"\" placeholder=\"Suchbegriff eingeben...\" \/><button class=\"btn\"><i class=\"fa fa-search\"><\/i><\/button><\/form>\n<\/div>\n<\/div>\n<div class=\"wpb_text_column wpb_content_element \"><\/div>\n<\/div>\n<\/div>\n<\/div>\n<\/div>\n<\/div>\n<\/div>\n<\/div>\n<\/div>\n<\/div>\n<div id=\"footer\"><\/div>\n","protected":false},"excerpt":{"rendered":"<p>Impressum\/ Datenschutz Name der Praxis: Naturheilpraxis Bettina Goo\u00dfen Stra\u00dfe:\u00a0Pater-Arnold-Strasse 2 PLZ \/ Ort:\u00a046325 Borken-Burlo Telefon:\u00a0+49 2862 3524 Telefax:\u00a0+49 2862 1895 E-Mail:\u00a0info@bettinagoossen.de Verantwortlich [&hellip;]<\/p>\n","protected":false},"author":1,"featured_media":0,"parent":0,"menu_order":0,"comment_status":"closed","ping_status":"closed","template":"page-templates\/page_fullwidth.php","meta":{"footnotes":""},"class_list":["post-56","page","type-page","status-publish","hentry"],"_links":{"self":[{"href":"https:\/\/www.bettinagoossen.de\/index.php?rest_route=\/wp\/v2\/pages\/56","targetHints":{"allow":["GET"]}}],"collection":[{"href":"https:\/\/www.bettinagoossen.de\/index.php?rest_route=\/wp\/v2\/pages"}],"about":[{"href":"https:\/\/www.bettinagoossen.de\/index.php?rest_route=\/wp\/v2\/types\/page"}],"author":[{"embeddable":true,"href":"https:\/\/www.bettinagoossen.de\/index.php?rest_route=\/wp\/v2\/users\/1"}],"replies":[{"embeddable":true,"href":"https:\/\/www.bettinagoossen.de\/index.php?rest_route=%2Fwp%2Fv2%2Fcomments&post=56"}],"version-history":[{"count":10,"href":"https:\/\/www.bettinagoossen.de\/index.php?rest_route=\/wp\/v2\/pages\/56\/revisions"}],"predecessor-version":[{"id":535,"href":"https:\/\/www.bettinagoossen.de\/index.php?rest_route=\/wp\/v2\/pages\/56\/revisions\/535"}],"wp:attachment":[{"href":"https:\/\/www.bettinagoossen.de\/index.php?rest_route=%2Fwp%2Fv2%2Fmedia&parent=56"}],"curies":[{"name":"wp","href":"https:\/\/api.w.org\/{rel}","templated":true}]}}